{"id":7,"date":"2023-08-04T10:46:28","date_gmt":"2023-08-04T10:46:28","guid":{"rendered":"https:\/\/radioombun.ro\/?page_id=7"},"modified":"2023-08-05T10:51:50","modified_gmt":"2023-08-05T10:51:50","slug":"radio-om-bun","status":"publish","type":"page","link":"https:\/\/radioombun.ro\/","title":{"rendered":""},"content":{"rendered":"\n<div class=\"wp-block-uagb-container uagb-block-3b2a3dc1 alignfull uagb-is-root-container\"><div class=\"uagb-container-inner-blocks-wrap\">\n<div class=\"wp-block-uagb-container uagb-block-c49fb2cb\">\n<div class=\"wp-block-uagb-blockquote uagb-block-094cb6aa uagb-blockquote__skin-quotation uagb-blockquote__align-center uagb-blockquote__style-style_1 uagb-blockquote__stack-img-none is-style-default\"><blockquote class=\"uagb-blockquote\"><span class=\"uagb-blockquote__icon\"><svg width=\"20\" height=\"20\" viewBox=\"0 0 32 32\"><path d=\"M7.031 14c3.866 0 7 3.134 7 7s-3.134 7-7 7-7-3.134-7-7l-0.031-1c0-7.732 6.268-14 14-14v4c-2.671 0-5.182 1.040-7.071 2.929-0.364 0.364-0.695 0.751-0.995 1.157 0.357-0.056 0.724-0.086 1.097-0.086zM25.031 14c3.866 0 7 3.134 7 7s-3.134 7-7 7-7-3.134-7-7l-0.031-1c0-7.732 6.268-14 14-14v4c-2.671 0-5.182 1.040-7.071 2.929-0.364 0.364-0.695 0.751-0.995 1.157 0.358-0.056 0.724-0.086 1.097-0.086z\"><\/path><\/svg><\/span><div class=\"uagb-blockquote__content\"><em>&#8220;<strong>G\u0103se\u0219te o idee care ar putea\u00a0<br>face lumea mai bun\u0103<br>si pune-o \u00een practic\u0103!<\/strong><br><\/em><br><strong>\u0218i yoga.<br>Abheda<\/strong>.&#8221;<\/div><footer><div class=\"uagb-blockquote__author-wrap uagb-blockquote__author-at-left\"><cite class=\"uagb-blockquote__author\">Acharya Leonard<\/cite><\/div><\/footer><\/blockquote><\/div>\n<\/div>\n<\/div><\/div>\n\n\n\n<p class=\"has-text-align-center has-text-color\" style=\"color:#b21e23;font-size:clamp(0.984rem, 0.984rem + ((1vw - 0.2rem) * 0.938), 1.5rem);\">\u201eRadio Om Bun \u2013 prietenul t\u0103u\u201d se doreste un&#8230; Canal de Bun\u0103tate.<\/p>\n\n\n\n<div class=\"wp-block-uagb-container uagb-block-773d5f00 alignfull uagb-is-root-container\"><div class=\"uagb-container-inner-blocks-wrap\">\n<div class=\"wp-block-uagb-container uagb-block-a8f89cd9\">\n<figure class=\"wp-block-image size-full\"><img loading=\"lazy\" decoding=\"async\" width=\"600\" height=\"505\" src=\"https:\/\/radioombun.ro\/wp-content\/uploads\/2023\/08\/leo-brush600-1.png\" alt=\"\" class=\"wp-image-12\" srcset=\"https:\/\/radioombun.ro\/wp-content\/uploads\/2023\/08\/leo-brush600-1.png 600w, https:\/\/radioombun.ro\/wp-content\/uploads\/2023\/08\/leo-brush600-1-300x253.png 300w\" sizes=\"auto, (max-width: 600px) 100vw, 600px\" \/><\/figure>\n<\/div>\n\n\n\n<div class=\"wp-block-uagb-container uagb-block-872f3098\">\n<p>Acharya Leonard transmite revolu\u021bia Omului Bun care \u00een\u021belege c\u0103 via\u021ba e un joc divin dar serios \u00een care conteaz\u0103 mai mult felul \u00een care tr\u0103ie\u0219ti dec\u00e2t faptul c\u0103 tr\u0103ie\u0219ti.<br><br>Primim informa\u021bii despre cum sa fim oameni de succes, oameni puternici \u0219i buni din perspectiva Abheda Yoga Academy buletine de \u0219tiri, muzic\u0103 de suflet, teatru radiofonic \u0219i \u0219edin\u021be de yoga.<\/p>\n<\/div>\n<\/div><\/div>\n\n\n\n<div class=\"wp-block-uagb-container uagb-block-8c05b983 alignfull uagb-is-root-container\"><div class=\"uagb-container-inner-blocks-wrap\">\n<div class=\"wp-block-uagb-container uagb-block-06d5b660\">\n<h4 class=\"wp-block-heading has-text-align-center has-large-font-size\" id=\"headline-82-35334\"><a href=\"https:\/\/t.me\/+-sVpkTZ4F2BmZTVk\" data-type=\"URL\" data-id=\"https:\/\/t.me\/+-sVpkTZ4F2BmZTVk\" target=\"_blank\" rel=\"noreferrer noopener\">G\u0103se\u0219ti programul nostru pe Telegram &#8211; CLICK AICI<\/a><\/h4>\n<\/div>\n\n\n\n<div class=\"wp-block-uagb-container uagb-block-92e67886\">\n<div class=\"wp-block-uagb-advanced-heading uagb-block-324c5e76\"><h4 class=\"uagb-heading-text\"><a href=\"https:\/\/play.google.com\/store\/apps\/details?id=com.icreo.radioombun1\" data-type=\"URL\" data-id=\"https:\/\/play.google.com\/store\/apps\/details?id=com.icreo.radioombun1\" target=\"_blank\" rel=\"noreferrer noopener\">Vrei s\u0103 ai&nbsp; Radio OM Bun ca aplica\u021bie pe telefon? O g\u0103se\u0219ti pe Play Store sau click aici<\/a><\/h4><\/div>\n<\/div>\n<\/div><\/div>\n\n\n\n<div class=\"wp-block-uagb-advanced-heading uagb-block-83dc9026\"><h3 class=\"uagb-heading-text\">Repere radio OM Bun<\/h3><\/div>\n\n\n\n<div class=\"wp-block-uagb-container uagb-block-688f3c81 alignfull uagb-is-root-container\"><div class=\"uagb-container-inner-blocks-wrap\">\n<div class=\"wp-block-uagb-container uagb-block-c2736efb\">\n<p class=\"has-text-align-right has-base-color has-text-color\" style=\"padding-top:60px;padding-right:10px;padding-bottom:60px;padding-left:60px\"><strong>Conferinte despre cum<br>sa fim oameni de succes,<br>puternici si buni<\/strong><\/p>\n<\/div>\n\n\n\n<div class=\"wp-block-uagb-container uagb-block-46610aa0\">\n<p class=\"has-text-align-right has-base-color has-text-color\" style=\"padding-top:60px;padding-right:10px;padding-bottom:60px;padding-left:60px\"><strong>Abheda Aarathi<br>cu Leo Radutz<\/strong><br>8:00 &#8211; 8:20<\/p>\n<\/div>\n\n\n\n<div class=\"wp-block-uagb-container uagb-block-6cb46ad6\">\n<p class=\"has-text-align-right has-base-color has-text-color\" style=\"padding-top:60px;padding-right:10px;padding-bottom:60px;padding-left:60px\"><strong>Abheda Yoga<br>cu Leo Radutz<\/strong><br>6:30 &#8211; 8:00<\/p>\n<\/div>\n\n\n\n<div class=\"wp-block-uagb-container uagb-block-5c0f24b6\">\n<p class=\"has-text-align-right has-base-color has-text-color\" style=\"padding-top:60px;padding-right:10px;padding-bottom:60px;padding-left:60px\"><strong>Rugaciunea Alba<br><\/strong>9:30 &#8211; 10:13<br>21:30 &#8211; 22:15<\/p>\n<\/div>\n\n\n\n<div class=\"wp-block-uagb-container uagb-block-ce4c4735\">\n<p class=\"has-text-align-right has-base-color has-text-color\" style=\"padding-top:60px;padding-right:10px;padding-bottom:60px;padding-left:60px\"><strong>Teatru Radiofonic<\/strong><br>joi &amp; sambata 14:00<br>luni 01:00<\/p>\n<\/div>\n\n\n\n<div class=\"wp-block-uagb-container uagb-block-fc91e467\">\n<p class=\"has-text-align-right has-base-color has-text-color\" style=\"padding-top:60px;padding-right:10px;padding-bottom:60px;padding-left:60px\"><strong>Emisiunea<br>Curiozitate si cunoastere<\/strong><br>sambata 20:00<\/p>\n<\/div>\n\n\n\n<div class=\"wp-block-uagb-container uagb-block-8082fb18\">\n<p class=\"has-text-align-right has-contrast-color has-text-color\" style=\"padding-top:60px;padding-right:10px;padding-bottom:60px;padding-left:60px\"><strong>Conferinte scurte,<br>muzica buna,<br>principii si valori<\/strong><\/p>\n<\/div>\n\n\n\n<div class=\"wp-block-uagb-container uagb-block-3c796b15\">\n<p class=\"has-text-align-right has-contrast-color has-text-color\" style=\"padding-top:60px;padding-right:10px;padding-bottom:60px;padding-left:60px\"><strong>Sanatate si natura<\/strong><br>marti 20:00<br>duminica 1:00<\/p>\n<\/div>\n<\/div><\/div>\n","protected":false},"excerpt":{"rendered":"<p>\u201eRadio Om Bun \u2013 prietenul t\u0103u\u201d se doreste un&#8230; Canal de Bun\u0103tate. Acharya Leonard transmite revolu\u021bia Omului Bun care \u00een\u021belege c\u0103 via\u021ba e un joc divin dar serios \u00een care conteaz\u0103 mai mult felul \u00een care tr\u0103ie\u0219ti dec\u00e2t faptul c\u0103 tr\u0103ie\u0219ti. Primim informa\u021bii despre cum sa fim oameni de succes, oameni puternici \u0219i buni din [&hellip;]<\/p>\n","protected":false},"author":1,"featured_media":0,"parent":0,"menu_order":0,"comment_status":"closed","ping_status":"closed","template":"","meta":{"_uag_custom_page_level_css":"a {\n\tcolor: unset!important;\n}","footnotes":""},"class_list":["post-7","page","type-page","status-publish","hentry"],"uagb_featured_image_src":{"full":false,"thumbnail":false,"medium":false,"medium_large":false,"large":false,"1536x1536":false,"2048x2048":false},"uagb_author_info":{"display_name":"stoicescucristi93@gmail.com","author_link":"https:\/\/radioombun.ro\/index.php\/author\/stoicescucristi93gmail-com\/"},"uagb_comment_info":0,"uagb_excerpt":"\u201eRadio Om Bun \u2013 prietenul t\u0103u\u201d se doreste un&#8230; Canal de Bun\u0103tate. Acharya Leonard transmite revolu\u021bia Omului Bun care \u00een\u021belege c\u0103 via\u021ba e un joc divin dar serios \u00een care conteaz\u0103 mai mult felul \u00een care tr\u0103ie\u0219ti dec\u00e2t faptul c\u0103 tr\u0103ie\u0219ti. Primim informa\u021bii despre cum sa fim oameni de succes, oameni puternici \u0219i buni din&hellip;","_links":{"self":[{"href":"https:\/\/radioombun.ro\/index.php\/wp-json\/wp\/v2\/pages\/7","targetHints":{"allow":["GET"]}}],"collection":[{"href":"https:\/\/radioombun.ro\/index.php\/wp-json\/wp\/v2\/pages"}],"about":[{"href":"https:\/\/radioombun.ro\/index.php\/wp-json\/wp\/v2\/types\/page"}],"author":[{"embeddable":true,"href":"https:\/\/radioombun.ro\/index.php\/wp-json\/wp\/v2\/users\/1"}],"replies":[{"embeddable":true,"href":"https:\/\/radioombun.ro\/index.php\/wp-json\/wp\/v2\/comments?post=7"}],"version-history":[{"count":17,"href":"https:\/\/radioombun.ro\/index.php\/wp-json\/wp\/v2\/pages\/7\/revisions"}],"predecessor-version":[{"id":47,"href":"https:\/\/radioombun.ro\/index.php\/wp-json\/wp\/v2\/pages\/7\/revisions\/47"}],"wp:attachment":[{"href":"https:\/\/radioombun.ro\/index.php\/wp-json\/wp\/v2\/media?parent=7"}],"curies":[{"name":"wp","href":"https:\/\/api.w.org\/{rel}","templated":true}]}}